{"id":34,"date":"2020-05-04T08:51:35","date_gmt":"2020-05-04T08:51:35","guid":{"rendered":"http:\/\/Grillmobil-Ansbach.de\/?page_id=34"},"modified":"2020-05-21T13:00:36","modified_gmt":"2020-05-21T13:00:36","slug":"willkommen","status":"publish","type":"page","link":"https:\/\/Grillmobil-Ansbach.de\/","title":{"rendered":"Willkommen"},"content":{"rendered":"\n<p><strong>Lust auf saftiges und knuspriges Grillgut? Dann sind Sie hier genau richtig!<\/strong><\/p>\n\n\n\n<p>Ich biete Ihnen nach eigener Rezeptur gegrillte H\u00e4hnchen, Enten und Haxen.<\/p>\n\n\n\n<p>Auch Pommes oder hausgemachte Salate (Kraut-\/Kartoffel-) bereite ich f\u00fcr Sie als Beilage zu.<\/p>\n\n\n\n<p>Ich bin Wolfgang Ebert der Inhaber von GrillMobil und bin schon seit 2015 mit meinem Grillwagen f\u00fcr Sie unterwegs. Meine jahrelange Vorerfahrung in der K\u00fcche sowie mein K\u00fcchenmeisterbrief geben mir das Wissen und die Erfahrung ihnen qualitatives und schmackhaftes Grillgut zuzubereiten.<\/p>\n\n\n\n<p>Sie finden mich und meinen Foodtruck an festen Standorten, diese finden Sie im oberen Men\u00fc der Homepage unter Standorte.<\/p>\n\n\n\n<p>Zudem biete ich auch einen Catering Service an und komme gerne bei Ihnen vorbei.<\/p>\n\n\n\n<p>Ideal f\u00fcr gr\u00f6\u00dfere Familienfeste wie Geburtstage, M\u00e4rkte, Vereinstreffen, Flohm\u00e4rke und Clubs.<\/p>\n\n\n\n<hr>\n\n\n\n<p class=\"has-text-align-center\">F\u00fcr R\u00fcckfragen bin ich f\u00fcr Sie erreichbar unter:<\/p>\n\n\n\n<p class=\"has-text-align-center\">Tel.:\u00a0\u00a0\u00a0\u00a0 0151 15657343<\/p>\n\n\n\n<p class=\"has-text-align-center\">Mail:&nbsp;&nbsp;&nbsp;&nbsp; grillmobil.w.ebert@gmail.com<\/p>\n\n\n\n<p><hr><\/p>\n\n\n\n<p class=\"has-text-align-center\"><strong>Ich freue mich auf Ihren Besuch!<\/strong><\/p>\n\n\n\n<p><\/p>\n","protected":false},"excerpt":{"rendered":"<p>Lust auf saftiges und knuspriges Grillgut? Dann sind Sie hier genau richtig! Ich biete Ihnen nach eigener Rezeptur gegrillte H\u00e4hnchen, Enten und Haxen. Auch Pommes oder hausgemachte Salate (Kraut-\/Kartoffel-) bereite ich f\u00fcr Sie als Beilage zu. Ich bin Wolfgang Ebert der Inhaber von GrillMobil und bin schon seit 2015 mit meinem Grillwagen f\u00fcr Sie unterwegs. &hellip; <a href=\"https:\/\/Grillmobil-Ansbach.de\/\" class=\"more-link\"><span class=\"screen-reader-text\">Willkommen<\/span> weiterlesen <span class=\"meta-nav\">&rarr;<\/span><\/a><\/p>\n","protected":false},"author":1,"featured_media":0,"parent":0,"menu_order":0,"comment_status":"closed","ping_status":"closed","template":"","meta":{"footnotes":""},"class_list":["post-34","page","type-page","status-publish","hentry"],"_links":{"self":[{"href":"https:\/\/Grillmobil-Ansbach.de\/index.php?rest_route=\/wp\/v2\/pages\/34","targetHints":{"allow":["GET"]}}],"collection":[{"href":"https:\/\/Grillmobil-Ansbach.de\/index.php?rest_route=\/wp\/v2\/pages"}],"about":[{"href":"https:\/\/Grillmobil-Ansbach.de\/index.php?rest_route=\/wp\/v2\/types\/page"}],"author":[{"embeddable":true,"href":"https:\/\/Grillmobil-Ansbach.de\/index.php?rest_route=\/wp\/v2\/users\/1"}],"replies":[{"embeddable":true,"href":"https:\/\/Grillmobil-Ansbach.de\/index.php?rest_route=%2Fwp%2Fv2%2Fcomments&post=34"}],"version-history":[{"count":7,"href":"https:\/\/Grillmobil-Ansbach.de\/index.php?rest_route=\/wp\/v2\/pages\/34\/revisions"}],"predecessor-version":[{"id":142,"href":"https:\/\/Grillmobil-Ansbach.de\/index.php?rest_route=\/wp\/v2\/pages\/34\/revisions\/142"}],"wp:attachment":[{"href":"https:\/\/Grillmobil-Ansbach.de\/index.php?rest_route=%2Fwp%2Fv2%2Fmedia&parent=34"}],"curies":[{"name":"wp","href":"https:\/\/api.w.org\/{rel}","templated":true}]}}