{"id":40,"date":"2020-05-04T08:52:26","date_gmt":"2020-05-04T08:52:26","guid":{"rendered":"http:\/\/Grillmobil-Ansbach.de\/?page_id=40"},"modified":"2020-05-07T18:34:10","modified_gmt":"2020-05-07T18:34:10","slug":"unser-grillmeister","status":"publish","type":"page","link":"https:\/\/Grillmobil-Ansbach.de\/?page_id=40","title":{"rendered":"Unser Grillmeister"},"content":{"rendered":"\n<div class=\"wp-block-image\"><figure class=\"aligncenter size-large\"><img loading=\"lazy\" decoding=\"async\" width=\"575\" height=\"379\" src=\"https:\/\/Grillmobil-Ansbach.de\/wp-content\/uploads\/2020\/05\/Header.png\" alt=\"Header_Grillmeister\" class=\"wp-image-76\" srcset=\"https:\/\/Grillmobil-Ansbach.de\/wp-content\/uploads\/2020\/05\/Header.png 575w, https:\/\/Grillmobil-Ansbach.de\/wp-content\/uploads\/2020\/05\/Header-300x198.png 300w\" sizes=\"auto, (max-width: 575px) 100vw, 575px\" \/><\/figure><\/div>\n\n\n\n<p class=\"has-drop-cap\">Hallo, ich bin Wolfgang Ebert der Inhaber von GrillMobil und bin schon seit 2015 mit meinem Grillwagen f\u00fcr Sie unterwegs. Meine jahrelange Vorerfahrung in der K\u00fcche sowie mein K\u00fcchenmeisterbrief geben mir das Wissen und die Erfahrung ihnen qualitatives und schmackhaftes Grillgut zuzubereiten.<\/p>\n\n\n\n<div class=\"wp-block-image\"><figure class=\"aligncenter size-large\"><img loading=\"lazy\" decoding=\"async\" width=\"480\" height=\"679\" src=\"https:\/\/Grillmobil-Ansbach.de\/wp-content\/uploads\/2020\/05\/K640_IMG_0310.jpg\" alt=\"Meisterbrief\" class=\"wp-image-130\" srcset=\"https:\/\/Grillmobil-Ansbach.de\/wp-content\/uploads\/2020\/05\/K640_IMG_0310.jpg 480w, https:\/\/Grillmobil-Ansbach.de\/wp-content\/uploads\/2020\/05\/K640_IMG_0310-212x300.jpg 212w\" sizes=\"auto, (max-width: 480px) 100vw, 480px\" \/><\/figure><\/div>\n","protected":false},"excerpt":{"rendered":"<p>Hallo, ich bin Wolfgang Ebert der Inhaber von GrillMobil und bin schon seit 2015 mit meinem Grillwagen f\u00fcr Sie unterwegs. Meine jahrelange Vorerfahrung in der K\u00fcche sowie mein K\u00fcchenmeisterbrief geben mir das Wissen und die Erfahrung ihnen qualitatives und schmackhaftes Grillgut zuzubereiten.<\/p>\n","protected":false},"author":1,"featured_media":0,"parent":0,"menu_order":0,"comment_status":"closed","ping_status":"closed","template":"","meta":{"footnotes":""},"class_list":["post-40","page","type-page","status-publish","hentry"],"_links":{"self":[{"href":"https:\/\/Grillmobil-Ansbach.de\/index.php?rest_route=\/wp\/v2\/pages\/40","targetHints":{"allow":["GET"]}}],"collection":[{"href":"https:\/\/Grillmobil-Ansbach.de\/index.php?rest_route=\/wp\/v2\/pages"}],"about":[{"href":"https:\/\/Grillmobil-Ansbach.de\/index.php?rest_route=\/wp\/v2\/types\/page"}],"author":[{"embeddable":true,"href":"https:\/\/Grillmobil-Ansbach.de\/index.php?rest_route=\/wp\/v2\/users\/1"}],"replies":[{"embeddable":true,"href":"https:\/\/Grillmobil-Ansbach.de\/index.php?rest_route=%2Fwp%2Fv2%2Fcomments&post=40"}],"version-history":[{"count":6,"href":"https:\/\/Grillmobil-Ansbach.de\/index.php?rest_route=\/wp\/v2\/pages\/40\/revisions"}],"predecessor-version":[{"id":131,"href":"https:\/\/Grillmobil-Ansbach.de\/index.php?rest_route=\/wp\/v2\/pages\/40\/revisions\/131"}],"wp:attachment":[{"href":"https:\/\/Grillmobil-Ansbach.de\/index.php?rest_route=%2Fwp%2Fv2%2Fmedia&parent=40"}],"curies":[{"name":"wp","href":"https:\/\/api.w.org\/{rel}","templated":true}]}}