{"id":43,"date":"2020-05-04T08:52:11","date_gmt":"2020-05-04T08:52:11","guid":{"rendered":"http:\/\/Grillmobil-Ansbach.de\/?page_id=43"},"modified":"2023-11-07T10:32:33","modified_gmt":"2023-11-07T10:32:33","slug":"standorte","status":"publish","type":"page","link":"https:\/\/Grillmobil-Ansbach.de\/?page_id=43","title":{"rendered":"Standorte"},"content":{"rendered":"\n<p><strong>Mein knuspriges und saftiges Grillgut erhalten Sie unter den folgenden Tagen von 10:00 bis 19:00 Uhr hier:<\/strong><\/p>\n\n\n\n<hr>\n\n\n\n<p class=\"has-text-align-center\">Dienstag:<\/p>\n\n\n\n<p class=\"has-text-align-center\"><strong>Edeka (E Aktiv) Herter<\/strong>, im Tal 1, 91623 <strong>Sachsen<\/strong><\/p>\n\n\n\n<hr class=\"wp-block-separator has-alpha-channel-opacity\"\/>\n\n\n\n<p class=\"has-text-align-center\">Mittwoch: &nbsp;&nbsp;  &nbsp; <\/p>\n\n\n\n<p class=\"has-text-align-center\"><strong>Edeka<\/strong> <strong>Herter<\/strong>, im Hermannshof 1b, 91595 <strong>Burgoberbach<\/strong><\/p>\n\n\n\n<hr class=\"wp-block-separator has-alpha-channel-opacity\"\/>\n\n\n\n<p class=\"has-text-align-center\">&nbsp;Freitag: &nbsp;&nbsp; &nbsp;&nbsp;&nbsp;&nbsp;&nbsp; <\/p>\n\n\n\n<p class=\"has-text-align-center\"><strong>Durchfahrtsstra\u00dfe<\/strong>, unterre Hindenburgstra\u00dfe , <strong>91622 <\/strong>Lehrberg<\/p>\n\n\n\n<hr class=\"wp-block-separator has-alpha-channel-opacity\"\/>\n\n\n\n<p class=\"has-text-align-center\">Samstag: &nbsp;&nbsp;&nbsp; &nbsp;&nbsp; <\/p>\n\n\n\n<p class=\"has-text-align-center\"><strong>E-Center Dallheimer<\/strong>, Brauhausstra\u00dfe 7b, <strong>91522 <\/strong>Ansbach<\/p>\n\n\n\n<hr class=\"wp-block-separator has-alpha-channel-opacity\"\/>\n\n\n\n<p class=\"has-text-align-center\">F\u00fcr R\u00fcckfragen erreichen sie mich telefonisch unter 0151 \/ 15657343.<\/p>\n\n\n\n<p class=\"has-text-align-center\"><strong>Ich freue mich auf Ihren besuch!<\/strong>&nbsp;&nbsp;&nbsp;&nbsp;&nbsp; <\/p>\n","protected":false},"excerpt":{"rendered":"<p>Mein knuspriges und saftiges Grillgut erhalten Sie unter den folgenden Tagen von 10:00 bis 19:00 Uhr hier: Dienstag: Edeka (E Aktiv) Herter, im Tal 1, 91623 Sachsen Mittwoch: &nbsp;&nbsp; &nbsp; Edeka Herter, im Hermannshof 1b, 91595 Burgoberbach &nbsp;Freitag: &nbsp;&nbsp; &nbsp;&nbsp;&nbsp;&nbsp;&nbsp; Durchfahrtsstra\u00dfe, unterre Hindenburgstra\u00dfe , 91622 Lehrberg Samstag: &nbsp;&nbsp;&nbsp; &nbsp;&nbsp; E-Center Dallheimer, Brauhausstra\u00dfe 7b, 91522 Ansbach &hellip; <a href=\"https:\/\/Grillmobil-Ansbach.de\/?page_id=43\" class=\"more-link\"><span class=\"screen-reader-text\">Standorte<\/span> weiterlesen <span class=\"meta-nav\">&rarr;<\/span><\/a><\/p>\n","protected":false},"author":1,"featured_media":112,"parent":0,"menu_order":0,"comment_status":"closed","ping_status":"closed","template":"","meta":{"footnotes":""},"class_list":["post-43","page","type-page","status-publish","has-post-thumbnail","hentry"],"_links":{"self":[{"href":"https:\/\/Grillmobil-Ansbach.de\/index.php?rest_route=\/wp\/v2\/pages\/43","targetHints":{"allow":["GET"]}}],"collection":[{"href":"https:\/\/Grillmobil-Ansbach.de\/index.php?rest_route=\/wp\/v2\/pages"}],"about":[{"href":"https:\/\/Grillmobil-Ansbach.de\/index.php?rest_route=\/wp\/v2\/types\/page"}],"author":[{"embeddable":true,"href":"https:\/\/Grillmobil-Ansbach.de\/index.php?rest_route=\/wp\/v2\/users\/1"}],"replies":[{"embeddable":true,"href":"https:\/\/Grillmobil-Ansbach.de\/index.php?rest_route=%2Fwp%2Fv2%2Fcomments&post=43"}],"version-history":[{"count":17,"href":"https:\/\/Grillmobil-Ansbach.de\/index.php?rest_route=\/wp\/v2\/pages\/43\/revisions"}],"predecessor-version":[{"id":146,"href":"https:\/\/Grillmobil-Ansbach.de\/index.php?rest_route=\/wp\/v2\/pages\/43\/revisions\/146"}],"wp:featuredmedia":[{"embeddable":true,"href":"https:\/\/Grillmobil-Ansbach.de\/index.php?rest_route=\/wp\/v2\/media\/112"}],"wp:attachment":[{"href":"https:\/\/Grillmobil-Ansbach.de\/index.php?rest_route=%2Fwp%2Fv2%2Fmedia&parent=43"}],"curies":[{"name":"wp","href":"https:\/\/api.w.org\/{rel}","templated":true}]}}